{"id":28,"date":"2024-08-21T07:51:21","date_gmt":"2024-08-21T07:51:21","guid":{"rendered":"https:\/\/www.mavlastcms.cz\/?page_id=28"},"modified":"2024-08-28T08:42:02","modified_gmt":"2024-08-28T08:42:02","slug":"kontakt","status":"publish","type":"page","link":"https:\/\/www.mavlastcms.cz\/?page_id=28","title":{"rendered":"Kontakt"},"content":{"rendered":"<p>[et_pb_section fb_built=&#8220;1&#8243; _builder_version=&#8220;4.10.2&#8243; _module_preset=&#8220;default&#8220; global_colors_info=&#8220;{}&#8220;][et_pb_row column_structure=&#8220;1_2,1_2&#8243; _builder_version=&#8220;4.10.2&#8243; _module_preset=&#8220;default&#8220; global_colors_info=&#8220;{}&#8220;][et_pb_column type=&#8220;1_2&#8243; _builder_version=&#8220;4.10.2&#8243; _module_preset=&#8220;default&#8220; global_colors_info=&#8220;{}&#8220;][et_pb_text _builder_version=&#8220;4.10.2&#8243; _module_preset=&#8220;default&#8220; global_colors_info=&#8220;{}&#8220;]<\/p>\n<p><strong><span style=\"color: #000000;\">M\u00c1 VLAST \u010cECHY MORAVA SLEZSKO<\/span><\/strong><\/p>\n<p><span style=\"color: #000000;\">Politick\u00e1 strana, politick\u00e9 hnut\u00ed<\/span><\/p>\n<p><span style=\"color: #000000;\">I\u010cO: 21722803<\/span><\/p>\n<p><span style=\"color: #000000;\">S\u00eddlo : Matky Bo\u017e\u00ed 1182\/9, 586 01 Jihlava<\/span><\/p>\n<p>[\/et_pb_text][et_pb_image src=&#8220;http:\/\/www.mavlastcms.cz\/wp-content\/uploads\/2024\/08\/WhatsApp-Image-2024-08-28-at-07.17.05.jpeg&#8220; title_text=&#8220;WhatsApp Image 2024-08-28 at 07.17.05&#8243; _builder_version=&#8220;4.10.2&#8243; _module_preset=&#8220;default&#8220; global_colors_info=&#8220;{}&#8220;][\/et_pb_image][\/et_pb_column][et_pb_column type=&#8220;1_2&#8243; _builder_version=&#8220;4.10.2&#8243; _module_preset=&#8220;default&#8220; global_colors_info=&#8220;{}&#8220;][et_pb_text _builder_version=&#8220;4.10.2&#8243; _module_preset=&#8220;default&#8220; hover_enabled=&#8220;0&#8243; global_colors_info=&#8220;{}&#8220; sticky_enabled=&#8220;0&#8243;]<\/p>\n<h5><strong>Transparentn\u00ed \u00fa\u010dty:<\/strong><\/h5>\n<p><span style=\"color: #000000;\"><strong>Sen\u00e1tn\u00ed volby<\/strong><\/span><\/p>\n<p><a href=\"https:\/\/ib.fio.cz\/ib\/transparent?a=2902936683\" target=\"_blank\" rel=\"noopener\">2902936683\/2010<\/a><\/p>\n<p>&nbsp;<\/p>\n<p><span style=\"color: #000000;\"><strong>Krajsk\u00e9 volby<\/strong><\/span><\/p>\n<p><a href=\"https:\/\/ib.fio.cz\/ib\/transparent?a=2702936697\" target=\"_blank\" rel=\"noopener\">2702936697\/2010<\/a><\/p>\n<p>[\/et_pb_text][\/et_pb_column][\/et_pb_row][\/et_pb_section]<\/p>\n","protected":false},"excerpt":{"rendered":"<p>M\u00c1 VLAST \u010cECHY MORAVA SLEZSKO Politick\u00e1 strana, politick\u00e9 hnut\u00ed I\u010cO: 21722803 S\u00eddlo : Matky Bo\u017e\u00ed 1182\/9, 586 01 JihlavaTransparentn\u00ed \u00fa\u010dty: Sen\u00e1tn\u00ed volby 2902936683\/2010 &nbsp; Krajsk\u00e9 volby 2702936697\/2010<\/p>\n","protected":false},"author":1,"featured_media":0,"parent":0,"menu_order":0,"comment_status":"closed","ping_status":"closed","template":"","meta":{"_et_pb_use_builder":"on","_et_pb_old_content":"","_et_gb_content_width":"1080","footnotes":""},"class_list":["post-28","page","type-page","status-publish","hentry"],"_links":{"self":[{"href":"https:\/\/www.mavlastcms.cz\/index.php?rest_route=\/wp\/v2\/pages\/28","targetHints":{"allow":["GET"]}}],"collection":[{"href":"https:\/\/www.mavlastcms.cz\/index.php?rest_route=\/wp\/v2\/pages"}],"about":[{"href":"https:\/\/www.mavlastcms.cz\/index.php?rest_route=\/wp\/v2\/types\/page"}],"author":[{"embeddable":true,"href":"https:\/\/www.mavlastcms.cz\/index.php?rest_route=\/wp\/v2\/users\/1"}],"replies":[{"embeddable":true,"href":"https:\/\/www.mavlastcms.cz\/index.php?rest_route=%2Fwp%2Fv2%2Fcomments&post=28"}],"version-history":[{"count":8,"href":"https:\/\/www.mavlastcms.cz\/index.php?rest_route=\/wp\/v2\/pages\/28\/revisions"}],"predecessor-version":[{"id":72,"href":"https:\/\/www.mavlastcms.cz\/index.php?rest_route=\/wp\/v2\/pages\/28\/revisions\/72"}],"wp:attachment":[{"href":"https:\/\/www.mavlastcms.cz\/index.php?rest_route=%2Fwp%2Fv2%2Fmedia&parent=28"}],"curies":[{"name":"wp","href":"https:\/\/api.w.org\/{rel}","templated":true}]}}