{"id":24,"date":"2024-08-21T07:50:49","date_gmt":"2024-08-21T07:50:49","guid":{"rendered":"https:\/\/www.mavlastcms.cz\/?page_id=24"},"modified":"2024-09-02T06:35:39","modified_gmt":"2024-09-02T06:35:39","slug":"nase-hnuti","status":"publish","type":"page","link":"https:\/\/www.mavlastcms.cz\/?page_id=24","title":{"rendered":"Na\u0161e hnut\u00ed"},"content":{"rendered":"<p>[et_pb_section fb_built=&#8220;1&#8243; _builder_version=&#8220;4.10.2&#8243; _module_preset=&#8220;default&#8220;][et_pb_row _builder_version=&#8220;4.10.2&#8243; _module_preset=&#8220;default&#8220;][et_pb_column _builder_version=&#8220;4.10.2&#8243; _module_preset=&#8220;default&#8220; type=&#8220;4_4&#8243;][et_pb_text _builder_version=&#8220;4.10.2&#8243; _module_preset=&#8220;default&#8220; hover_enabled=&#8220;0&#8243; sticky_enabled=&#8220;0&#8243;]<\/p>\n<h2 style=\"text-align: center;\"><span style=\"color: #000000;\"><strong>Z\u00e1kladn\u00ed z\u00e1sady hnut\u00ed a c\u00edl<\/strong><\/span><\/h2>\n<p>&nbsp;<\/p>\n<p><span style=\"color: #000000;\">1) Jsme ob\u010dansk\u00fdm hnut\u00edm se zam\u011b\u0159en\u00edm na lidsk\u00e9ho \u010dinitele, \u010dlov\u011bka a jeho nezadateln\u00e1 pr\u00e1va a pot\u0159eby a nikoli prim\u00e1rn\u011b na pen\u00edze, kter\u00e9 dovedou poru\u0161it v\u0161e a to i principy spravedlnosti.<\/span><\/p>\n<p>&nbsp;<\/p>\n<p><span style=\"color: #000000;\">2) Pr\u00e1vo na bezplatnou zdravotn\u00ed p\u00e9\u010di je nezru\u0161iteln\u00e9 a nezciziteln\u00e9, mus\u00ed zahrnovat i dentistickou p\u00e9\u010di, kter\u00e1 je t\u00e9\u017e sou\u010d\u00e1st\u00ed zdravotn\u00ed p\u00e9\u010de.<\/span><\/p>\n<p>&nbsp;<\/p>\n<p><span style=\"color: #000000;\">3) Pokl\u00e1d\u00e1me za naprosto nep\u0159ijateln\u00e9, aby \u010cesk\u00e1 republika byla ovl\u00e1d\u00e1na, \u00fazkou skupinou lid\u00ed se zna\u010dn\u00fdm ekonomick\u00fdm vlivem, kter\u00fd byl z\u00edsk\u00e1n v obdob\u00ed, kter\u00e9 odstartovala tzv. ,,privatizace\u201c, je\u017e uplat\u0148uj\u00ed na chod parlamentn\u00edch a neparlamentn\u00edch stran, kter\u00e9 tak jednaj\u00ed v jej\u00ed prosp\u011bch, bez ohledu na z\u00e1jmy \u010cesk\u00e9 republiky a jejich ob\u010dan\u016f.<\/span><\/p>\n<p>&nbsp;<\/p>\n<p><span style=\"color: #000000;\">4) Ct\u00edme rovnost p\u0159ed z\u00e1konem bez ohledu na soci\u00e1ln\u00ed postaven\u00ed, majetek \u010di politick\u00e9 konexe.<\/span><\/p>\n<p>&nbsp;<\/p>\n<p><span style=\"color: #000000;\">5) Jsme politick\u00fdm hnut\u00edm, pro kter\u00e9 je sou\u010dasn\u00fd stav \u010desk\u00e9 justice a propojenost org\u00e1n\u016f \u010dinn\u00fdch v trestn\u00edm \u0159\u00edzen\u00ed s politickou moc\u00ed naprosto nep\u0159ijateln\u00e9, kdy pokl\u00e1d\u00e1me za nezbytn\u00e9 reorganizovat jak soudn\u00ed syst\u00e9m, tak zejm\u00e9na st\u00e1tn\u00ed zastupitelstv\u00ed.<\/span><\/p>\n<p>&nbsp;<\/p>\n<p><span style=\"color: #000000;\">6) Na\u0161\u00ed prioritou je zabezpe\u010den\u00ed odpov\u011bdnosti volen\u00fdch z\u00e1stupc\u016f, to na v\u0161ech \u00farovn\u00edch politick\u00e9ho \u017eivota, po celou dobu jejich mand\u00e1tu v\u016f\u010di sv\u00fdm voli\u010d\u016fm a ne v\u016f\u010di \u201e don\u00e1tor\u016fm \u201c \u010dili sponzor\u016fm jak je tomu doposud.<\/span><\/p>\n<p>&nbsp;<\/p>\n<p><span style=\"color: #000000;\">7) Na\u0161im c\u00edlem je dos\u00e1hnout stavu, kdy ob\u010dan se bude v maxim\u00e1ln\u00ed m\u00ed\u0159e pod\u00edlet na chodu v\u011bc\u00ed ve\u0159ejn\u00fdch, \u010d\u00edm\u017e dojde k zamezen\u00ed vlivu \u201epolitick\u00fdch podnikatel\u016f\u201c a oligarch\u016f, kte\u0159\u00ed prosazuj\u00ed sv\u00e9 partikul\u00e1rn\u00ed z\u00e1jmy nad z\u00e1jmy ob\u010dan\u016f \u010cesk\u00e9 republiky.<\/span><\/p>\n<p>&nbsp;<\/p>\n<p><span style=\"color: #000000;\">8) Sektor mal\u00e9ho a st\u0159edn\u00edho podnik\u00e1n\u00ed pova\u017eujeme za jednu z p\u00e1te\u0159n\u00edch ekonomik st\u00e1tu, s rozhoduj\u00edc\u00edm dopadem na zam\u011bstnanost a soci\u00e1ln\u00ed v\u00fdvoj zem\u011b v jejich jednotliv\u00fdch regionech. Mal\u00ed a st\u0159edn\u00ed podnikatel\u00e9 jsou protip\u00f3lem sou\u010dasn\u00e9 ekonomick\u00e9 a politick\u00e9 moci oligarch\u016f, kdy oproti nim nesou osobn\u00ed odpov\u011bdnost za ne\u00fasp\u011bch.<\/span><\/p>\n<p>&nbsp;<\/p>\n<p><span style=\"color: #000000;\">9) V ekonomick\u00e9 rovin\u011b pokl\u00e1d\u00e1me za nezbytn\u00e9 zah\u00e1jit proces etatizace \u010d\u00e1sti ekonomiky, p\u0159i n\u011bm\u017e se soukrom\u00e9 strategick\u00e9 podniky p\u0159em\u011bn\u00ed na st\u00e1tn\u00ed, event. sm\u00ed\u0161en\u00e9 podniky s \u010d\u00e1ste\u010dn\u00fdm vlastnictv\u00edm st\u00e1tu. C\u00edlem je pos\u00edlit \u00falohu st\u00e1tu nejen v podnic\u00edch, ale i cel\u00fdch odv\u011btv\u00edch jako je zejm\u00e9na energetick\u00fd a potravin\u00e1\u0159sk\u00fd pr\u016fmysl, kdy je nezbytn\u00e9 zajistit dostupnost jimi produkovan\u00fdch komodit, za p\u0159ijateln\u00e9 ceny, \u0161irok\u00e9 ve\u0159ejnosti.<\/span><\/p>\n<p>&nbsp;<\/p>\n<p><span style=\"color: #000000;\">10) V mezin\u00e1rodn\u00edch vztaz\u00edch preferujeme princip reciprocity a m\u00edrov\u00e9 \u0159e\u0161en\u00ed spor\u016f v duchu charty OSN. Odm\u00edt\u00e1me n\u00e1rodnostn\u00ed t\u0159enice, xenofobii a \u0161ovinismus v jak\u00e9koli podob\u011b. Reciprocitu ch\u00e1peme jako z\u00e1sadu vz\u00e1jemn\u00e9ho poskytov\u00e1n\u00ed stejn\u00fdch nebo obdobn\u00fdch v\u00fdhod mezi dv\u011bma st\u00e1ty nebo jejich p\u0159\u00edslu\u0161n\u00edky. Nen\u00ed tak p\u0159ijateln\u00e9, aby \u010cesk\u00e1 republika byla pouh\u00fdm slouhou EU a NATO. P\u0159i\u010dem\u017e na\u0161im c\u00edlem je co nejrychlej\u0161\u00ed vystoupen\u00ed z t\u011bchto nereformovateln\u00fdch instituc\u00ed, kter\u00e9 jsou jednou z hlavn\u00edch p\u0159ek\u00e1\u017eek spole\u010densk\u00fdch zm\u011bn v \u010cesk\u00e9 republice.<\/span><\/p>\n<p>[\/et_pb_text][\/et_pb_column][\/et_pb_row][\/et_pb_section]<\/p>\n","protected":false},"excerpt":{"rendered":"<p>Z\u00e1kladn\u00ed z\u00e1sady hnut\u00ed a c\u00edl &nbsp; 1) Jsme ob\u010dansk\u00fdm hnut\u00edm se zam\u011b\u0159en\u00edm na lidsk\u00e9ho \u010dinitele, \u010dlov\u011bka a jeho nezadateln\u00e1 pr\u00e1va a pot\u0159eby a nikoli prim\u00e1rn\u011b na pen\u00edze, kter\u00e9 dovedou poru\u0161it v\u0161e a to i principy spravedlnosti. &nbsp; 2) Pr\u00e1vo na bezplatnou zdravotn\u00ed p\u00e9\u010di je nezru\u0161iteln\u00e9 a nezciziteln\u00e9, mus\u00ed zahrnovat i dentistickou p\u00e9\u010di, kter\u00e1 je t\u00e9\u017e [&hellip;]<\/p>\n","protected":false},"author":1,"featured_media":0,"parent":0,"menu_order":0,"comment_status":"closed","ping_status":"closed","template":"","meta":{"_et_pb_use_builder":"on","_et_pb_old_content":"","_et_gb_content_width":"1080","footnotes":""},"class_list":["post-24","page","type-page","status-publish","hentry"],"_links":{"self":[{"href":"https:\/\/www.mavlastcms.cz\/index.php?rest_route=\/wp\/v2\/pages\/24","targetHints":{"allow":["GET"]}}],"collection":[{"href":"https:\/\/www.mavlastcms.cz\/index.php?rest_route=\/wp\/v2\/pages"}],"about":[{"href":"https:\/\/www.mavlastcms.cz\/index.php?rest_route=\/wp\/v2\/types\/page"}],"author":[{"embeddable":true,"href":"https:\/\/www.mavlastcms.cz\/index.php?rest_route=\/wp\/v2\/users\/1"}],"replies":[{"embeddable":true,"href":"https:\/\/www.mavlastcms.cz\/index.php?rest_route=%2Fwp%2Fv2%2Fcomments&post=24"}],"version-history":[{"count":4,"href":"https:\/\/www.mavlastcms.cz\/index.php?rest_route=\/wp\/v2\/pages\/24\/revisions"}],"predecessor-version":[{"id":79,"href":"https:\/\/www.mavlastcms.cz\/index.php?rest_route=\/wp\/v2\/pages\/24\/revisions\/79"}],"wp:attachment":[{"href":"https:\/\/www.mavlastcms.cz\/index.php?rest_route=%2Fwp%2Fv2%2Fmedia&parent=24"}],"curies":[{"name":"wp","href":"https:\/\/api.w.org\/{rel}","templated":true}]}}