{"id":11,"date":"2024-08-12T11:37:35","date_gmt":"2024-08-12T11:37:35","guid":{"rendered":"https:\/\/www.mavlastcms.cz\/?page_id=11"},"modified":"2024-10-14T15:15:00","modified_gmt":"2024-10-14T15:15:00","slug":"uvod","status":"publish","type":"page","link":"https:\/\/www.mavlastcms.cz\/","title":{"rendered":"\u00davod"},"content":{"rendered":"<p>[et_pb_section fb_built=&#8220;1&#8243; _builder_version=&#8220;4.10.2&#8243; _module_preset=&#8220;default&#8220; global_colors_info=&#8220;{}&#8220;][et_pb_row _builder_version=&#8220;4.10.2&#8243; _module_preset=&#8220;default&#8220; global_colors_info=&#8220;{}&#8220; column_structure=&#8220;1_2,1_2&#8243;][et_pb_column type=&#8220;1_2&#8243; _builder_version=&#8220;4.10.2&#8243; _module_preset=&#8220;default&#8220; global_colors_info=&#8220;{}&#8220;][et_pb_image src=&#8220;http:\/\/www.mavlastcms.cz\/wp-content\/uploads\/2024\/10\/WhatsApp-Image-2024-10-14-at-09.49.32.jpeg&#8220; title_text=&#8220;WhatsApp Image 2024-10-14 at 09.49.32&#8243; align=&#8220;center&#8220; _builder_version=&#8220;4.10.2&#8243; _module_preset=&#8220;default&#8220; global_colors_info=&#8220;{}&#8220;][\/et_pb_image][\/et_pb_column][et_pb_column type=&#8220;1_2&#8243; _builder_version=&#8220;4.10.2&#8243; _module_preset=&#8220;default&#8220; global_colors_info=&#8220;{}&#8220;][et_pb_text _builder_version=&#8220;4.10.2&#8243; _module_preset=&#8220;default&#8220; hover_enabled=&#8220;0&#8243; sticky_enabled=&#8220;0&#8243;]<\/p>\n<h1 style=\"text-align: center;\"><strong><\/strong><\/h1>\n<h1 style=\"text-align: center;\"><strong>Nep\u0159\u00e1tel se nelekejme, na mno\u017estv\u00ed nehle\u010fme!<\/strong><\/h1>\n<p>[\/et_pb_text][\/et_pb_column][\/et_pb_row][et_pb_row _builder_version=&#8220;4.10.2&#8243; _module_preset=&#8220;default&#8220; column_structure=&#8220;1_2,1_2&#8243;][et_pb_column _builder_version=&#8220;4.10.2&#8243; _module_preset=&#8220;default&#8220; type=&#8220;1_2&#8243;][et_pb_text _builder_version=&#8220;4.10.2&#8243; _module_preset=&#8220;default&#8220; hover_enabled=&#8220;0&#8243; sticky_enabled=&#8220;0&#8243;]<\/p>\n<h1 style=\"text-align: center;\"><strong>Hledej pravdu, sly\u0161 pravdu, u\u010d se pravd\u011b, miluj pravdu, bra\u0148 pravdu a\u017e do smrti, nebo\u0165 pravda t\u011b vysvobod\u00ed!<\/strong><\/h1>\n<p>[\/et_pb_text][\/et_pb_column][et_pb_column _builder_version=&#8220;4.10.2&#8243; _module_preset=&#8220;default&#8220; type=&#8220;1_2&#8243;][et_pb_image src=&#8220;http:\/\/www.mavlastcms.cz\/wp-content\/uploads\/2024\/10\/WhatsApp-Image-2024-10-14-at-09.49.40.jpeg&#8220; title_text=&#8220;WhatsApp Image 2024-10-14 at 09.49.40&#8243; align=&#8220;center&#8220; _builder_version=&#8220;4.10.2&#8243; _module_preset=&#8220;default&#8220; global_colors_info=&#8220;{}&#8220;][\/et_pb_image][\/et_pb_column][\/et_pb_row][\/et_pb_section]<\/p>\n","protected":false},"excerpt":{"rendered":"<p>Nep\u0159\u00e1tel se nelekejme, na mno\u017estv\u00ed nehle\u010fme!Hledej pravdu, sly\u0161 pravdu, u\u010d se pravd\u011b, miluj pravdu, bra\u0148 pravdu a\u017e do smrti, nebo\u0165 pravda t\u011b vysvobod\u00ed!<\/p>\n","protected":false},"author":1,"featured_media":0,"parent":0,"menu_order":0,"comment_status":"closed","ping_status":"closed","template":"","meta":{"_et_pb_use_builder":"on","_et_pb_old_content":"","_et_gb_content_width":"1080","footnotes":""},"class_list":["post-11","page","type-page","status-publish","hentry"],"_links":{"self":[{"href":"https:\/\/www.mavlastcms.cz\/index.php?rest_route=\/wp\/v2\/pages\/11","targetHints":{"allow":["GET"]}}],"collection":[{"href":"https:\/\/www.mavlastcms.cz\/index.php?rest_route=\/wp\/v2\/pages"}],"about":[{"href":"https:\/\/www.mavlastcms.cz\/index.php?rest_route=\/wp\/v2\/types\/page"}],"author":[{"embeddable":true,"href":"https:\/\/www.mavlastcms.cz\/index.php?rest_route=\/wp\/v2\/users\/1"}],"replies":[{"embeddable":true,"href":"https:\/\/www.mavlastcms.cz\/index.php?rest_route=%2Fwp%2Fv2%2Fcomments&post=11"}],"version-history":[{"count":7,"href":"https:\/\/www.mavlastcms.cz\/index.php?rest_route=\/wp\/v2\/pages\/11\/revisions"}],"predecessor-version":[{"id":98,"href":"https:\/\/www.mavlastcms.cz\/index.php?rest_route=\/wp\/v2\/pages\/11\/revisions\/98"}],"wp:attachment":[{"href":"https:\/\/www.mavlastcms.cz\/index.php?rest_route=%2Fwp%2Fv2%2Fmedia&parent=11"}],"curies":[{"name":"wp","href":"https:\/\/api.w.org\/{rel}","templated":true}]}}